{"id":18090,"date":"2023-09-29T11:45:28","date_gmt":"2023-09-29T08:45:28","guid":{"rendered":"https:\/\/isida-ivf.com\/datenschutz\/"},"modified":"2023-10-02T10:45:33","modified_gmt":"2023-10-02T07:45:33","slug":"privacy-policy","status":"publish","type":"page","link":"https:\/\/isida-ivf.com\/de\/privacy-policy\/","title":{"rendered":"Datenschutz"},"content":{"rendered":"\t\t<div data-elementor-type=\"wp-page\" data-elementor-id=\"18090\" class=\"elementor elementor-18090 elementor-18045\" data-elementor-post-type=\"page\">\n\t\t\t\t\t\t\t\t\t<section class=\"elementor-section elementor-top-section elementor-element elementor-element-59b1cfdc is_policy elementor-section-boxed elementor-section-height-default elementor-section-height-default\" data-id=\"59b1cfdc\" data-element_type=\"section\">\n\t\t\t\t\t\t<div class=\"elementor-container elementor-column-gap-default\">\n\t\t\t\t\t<div class=\"elementor-column elementor-col-100 elementor-top-column elementor-element elementor-element-440afc2c\" data-id=\"440afc2c\" data-element_type=\"column\">\n\t\t\t<div class=\"elementor-widget-wrap elementor-element-populated\">\n\t\t\t\t\t\t\t\t<div class=\"elementor-element elementor-element-1b69231 elementor-widget elementor-widget-heading\" data-id=\"1b69231\" data-element_type=\"widget\" data-widget_type=\"heading.default\">\n\t\t\t\t<div class=\"elementor-widget-container\">\n\t\t\t<style>\/*! elementor - v3.16.0 - 09-10-2023 *\/\n.elementor-heading-title{padding:0;margin:0;line-height:1}.elementor-widget-heading .elementor-heading-title[class*=elementor-size-]>a{color:inherit;font-size:inherit;line-height:inherit}.elementor-widget-heading .elementor-heading-title.elementor-size-small{font-size:15px}.elementor-widget-heading .elementor-heading-title.elementor-size-medium{font-size:19px}.elementor-widget-heading .elementor-heading-title.elementor-size-large{font-size:29px}.elementor-widget-heading .elementor-heading-title.elementor-size-xl{font-size:39px}.elementor-widget-heading .elementor-heading-title.elementor-size-xxl{font-size:59px}<\/style><h1 class=\"elementor-heading-title elementor-size-default\">Datenschutz<\/h1>\t\t<\/div>\n\t\t\t\t<\/div>\n\t\t\t\t<div class=\"elementor-element elementor-element-d2a9089 elementor-widget elementor-widget-text-editor\" data-id=\"d2a9089\" data-element_type=\"widget\" data-widget_type=\"text-editor.default\">\n\t\t\t\t<div class=\"elementor-widget-container\">\n\t\t\t<style>\/*! elementor - v3.16.0 - 09-10-2023 *\/\n.elementor-widget-text-editor.elementor-drop-cap-view-stacked .elementor-drop-cap{background-color:#69727d;color:#fff}.elementor-widget-text-editor.elementor-drop-cap-view-framed .elementor-drop-cap{color:#69727d;border:3px solid;background-color:transparent}.elementor-widget-text-editor:not(.elementor-drop-cap-view-default) .elementor-drop-cap{margin-top:8px}.elementor-widget-text-editor:not(.elementor-drop-cap-view-default) .elementor-drop-cap-letter{width:1em;height:1em}.elementor-widget-text-editor .elementor-drop-cap{float:left;text-align:center;line-height:1;font-size:50px}.elementor-widget-text-editor .elementor-drop-cap-letter{display:inline-block}<\/style>\t\t\t\t<p>ISIDA-IVF GMBH (ISIDA-Klinik), <a href=\"https:\/\/isida-ivf.com\/de\/\">isida-ivf.com<\/a>, <a href=\"tel:+380444558814\">+38 (044) 455 88 14<\/a>, <a href=\"mailto:info@isida-ivf.com\">info@isida-ivf.com.<\/a><\/p>\n<p>Diese Datenschutzrichtlinie regelt, wie wir in der ISIDA-Klinik personenbezogene Daten unserer Patienten sammeln, wie wir sie verwenden, speichern und an wen wir sie weitergeben k\u00f6nnen.<\/p>\n\t\t\t\t\t\t<\/div>\n\t\t\t\t<\/div>\n\t\t\t\t<div class=\"elementor-element elementor-element-0e719b2 elementor-widget elementor-widget-heading\" data-id=\"0e719b2\" data-element_type=\"widget\" data-widget_type=\"heading.default\">\n\t\t\t\t<div class=\"elementor-widget-container\">\n\t\t\t<h2 class=\"elementor-heading-title elementor-size-default\">I. Wie wir Daten sammeln<\/h2>\t\t<\/div>\n\t\t\t\t<\/div>\n\t\t\t\t<div class=\"elementor-element elementor-element-061bdb4 elementor-widget elementor-widget-text-editor\" data-id=\"061bdb4\" data-element_type=\"widget\" data-widget_type=\"text-editor.default\">\n\t\t\t\t<div class=\"elementor-widget-container\">\n\t\t\t\t\t\t\t<p>Ihre pers\u00f6nlichen Daten werden bei uns erfasst, wenn Sie:<\/p>\n<ol>\n<li>lassen Sie sie in den Feedback-Formularen auf der Website <a href=\"https:\/\/isida-ivf.com\/de\/\">isida-ivf.com, <span style=\"font-weight: 400;\"> <\/span><\/a><a href=\"https:\/\/isida.ua\/eng\/\"><span style=\"font-weight: 400;\">isida.ua\/eng\/<\/span><\/a><\/li>\n<li>kontaktieren Sie uns mit Fragen per E-Mail <a href=\"mailto:info@isida-ivf.com\">info@isida-ivf.com<\/a><\/li>\n<li>verwenden Sie das Online-Chat-Fenster auf der Website <a href=\"https:\/\/isida-ivf.com\/de\/\">isida-ivf.com<\/a> als Kommunikationskanal<\/li>\n<li>hinterlassen Sie Bewertungen \u00fcber die Klinik oder bewerten Sie den Service <a href=\"https:\/\/isida.ua\/eng\/\"><span style=\"font-weight: 400;\">isida.ua\/eng\/<\/span><\/a><span style=\"font-weight: 400;\">, <\/span> <a href=\"https:\/\/isida-ivf.com\/de\/ueber-uns\/bewertungen\/\">isida-ivf.com\/about-us\/testimonials\/<\/a><\/li>\n<\/ol>\n<p>Wir erheben alle personenbezogenen Daten mit Ihrer Zustimmung, durch mechanische Einwilligung unter ausf\u00fcllbaren Formularen direkt auf der Website oder durch Ausf\u00fcllen von Dokumenten in der ISIDA-Klinik, die Sie mit Ihrer Unterschrift beglaubigen.<\/p>\n\t\t\t\t\t\t<\/div>\n\t\t\t\t<\/div>\n\t\t\t\t<div class=\"elementor-element elementor-element-e8f99a5 elementor-widget elementor-widget-heading\" data-id=\"e8f99a5\" data-element_type=\"widget\" data-widget_type=\"heading.default\">\n\t\t\t\t<div class=\"elementor-widget-container\">\n\t\t\t<h2 class=\"elementor-heading-title elementor-size-default\">II. Welche Daten sammeln wir<\/h2>\t\t<\/div>\n\t\t\t\t<\/div>\n\t\t\t\t<div class=\"elementor-element elementor-element-5a8bb73 elementor-widget elementor-widget-text-editor\" data-id=\"5a8bb73\" data-element_type=\"widget\" data-widget_type=\"text-editor.default\">\n\t\t\t\t<div class=\"elementor-widget-container\">\n\t\t\t\t\t\t\t<p>In der ISIDA-Klinik sammeln wir Gesundheitsdaten, um die medizinischen Leistungen zu erbringen, die der Patient an die Klinik weiterleitet.<\/p>\n<p>Auf der Website <a href=\"https:\/\/isida-ivf.com\/de\/\">isida-ivf.com<\/a> wir sammeln solche Daten:<\/p>\n<ul>\n<li>vorname, Nachname &#8211; um den Patienten zu identifizieren und personalisierte Informationen bereitzustellen;<\/li>\n<li>telefonnummer \u2013 um schnell reagieren zu k\u00f6nnen und die angeforderten Informationen so schnell wie m\u00f6glich bereitzustellen;<\/li>\n<li>e-mail \u2013 um die Informationen bereitzustellen, die Sie in Form von umfassenden, detaillierten Antworten auf Fragen in einem Brief ben\u00f6tigen;<\/li>\n<li>land &#8211; um die Gesetzgebungspolitik des Landes, dessen Staatsangeh\u00f6riger Sie sind, in Bezug auf Gesundheit und Gesundheitsversorgung zu verstehen, wodurch unser prim\u00e4res Feedback f\u00fcr Sie informativer und zug\u00e4nglicher wird;<\/li>\n<li>beschreibung Ihres Problems im Feld Feedback &#8211; Diese Informationen sind nicht bindend, aber wenn Sie dieses Feld ausf\u00fcllen, helfen Sie uns, alle notwendigen Informationen w\u00e4hrend der ersten Feedback-Phase zu sammeln.<\/li>\n<li>Ihre Kommentare bez\u00fcglich der Qualit\u00e4t, der Standards, der Qualit\u00e4t und der Sicherheit des Dienstes \u2013 Das Feedback, das Sie freiwillig \u00fcber ein spezielles Formular senden, kann sowohl auf der Website als auch auf anderen Plattformen verwendet, ver\u00f6ffentlicht werden, um die Bewertung der ISIDA-Klinik zu bewerten oder zu beeinflussen und dabei ihr urspr\u00fcngliches Aussehen beizubehalten.<\/li>\n<\/ul>\n\t\t\t\t\t\t<\/div>\n\t\t\t\t<\/div>\n\t\t\t\t<div class=\"elementor-element elementor-element-0fc9fe8 elementor-widget elementor-widget-heading\" data-id=\"0fc9fe8\" data-element_type=\"widget\" data-widget_type=\"heading.default\">\n\t\t\t\t<div class=\"elementor-widget-container\">\n\t\t\t<h2 class=\"elementor-heading-title elementor-size-default\">III. Warum brauchen wir Ihre pers\u00f6nlichen Daten<\/h2>\t\t<\/div>\n\t\t\t\t<\/div>\n\t\t\t\t<div class=\"elementor-element elementor-element-9a5f479 elementor-widget elementor-widget-text-editor\" data-id=\"9a5f479\" data-element_type=\"widget\" data-widget_type=\"text-editor.default\">\n\t\t\t\t<div class=\"elementor-widget-container\">\n\t\t\t\t\t\t\t<p>Wir sammeln nur die Informationen, die Sie wirklich ben\u00f6tigen, um Ihnen die Dienstleistungen zu erbringen, die Sie an die ISIDA-Klinik wenden.<\/p>\n<p>Auf der Website <a href=\"https:\/\/isida-ivf.com\/de\/\">isida-ivf.com<\/a> wir sammeln solche Daten:<\/p>\n<ul>\n<li>vorname, Nachname &#8211; um den Patienten zu identifizieren und Informationen an die richtige Person weiterzugeben;<\/li>\n<li>telefon &#8211; um schnell reagieren zu k\u00f6nnen und die angeforderten Informationen in k\u00fcrzester Zeit bereitzustellen;<\/li>\n<li>e-Mail \u2013 um Ihnen Antworten auf Ihre Fragen zu geben und Ihnen die Informationen zu senden, die Sie ben\u00f6tigen;<\/li>\n<li>land &#8211; um die Gesetzgebungspolitik Ihres Landes zu verstehen und angesichts dieser Daten eine korrekte Antwort zu geben.<\/li>\n<\/ul>\n\t\t\t\t\t\t<\/div>\n\t\t\t\t<\/div>\n\t\t\t\t<div class=\"elementor-element elementor-element-8169f07 elementor-widget elementor-widget-heading\" data-id=\"8169f07\" data-element_type=\"widget\" data-widget_type=\"heading.default\">\n\t\t\t\t<div class=\"elementor-widget-container\">\n\t\t\t<h2 class=\"elementor-heading-title elementor-size-default\">IV. Aus welchem Grund erheben wir Ihre personenbezogenen Daten<\/h2>\t\t<\/div>\n\t\t\t\t<\/div>\n\t\t\t\t<div class=\"elementor-element elementor-element-143c4f3 elementor-widget elementor-widget-text-editor\" data-id=\"143c4f3\" data-element_type=\"widget\" data-widget_type=\"text-editor.default\">\n\t\t\t\t<div class=\"elementor-widget-container\">\n\t\t\t\t\t\t\t<p>Diese Datenschutzrichtlinie regelt, wie wir in der ISIDA-Klinik personenbezogene Daten unserer Patienten sammeln, wie wir sie verwenden, speichern und an wen wir sie weitergeben k\u00f6nnen.<\/p>\n\t\t\t\t\t\t<\/div>\n\t\t\t\t<\/div>\n\t\t\t\t<div class=\"elementor-element elementor-element-afcd1aa elementor-widget elementor-widget-heading\" data-id=\"afcd1aa\" data-element_type=\"widget\" data-widget_type=\"heading.default\">\n\t\t\t\t<div class=\"elementor-widget-container\">\n\t\t\t<h2 class=\"elementor-heading-title elementor-size-default\">V. An wen wir Ihre personenbezogenen Daten weitergeben<\/h2>\t\t<\/div>\n\t\t\t\t<\/div>\n\t\t\t\t<div class=\"elementor-element elementor-element-21da373 elementor-widget elementor-widget-text-editor\" data-id=\"21da373\" data-element_type=\"widget\" data-widget_type=\"text-editor.default\">\n\t\t\t\t<div class=\"elementor-widget-container\">\n\t\t\t\t\t\t\t<p>Wir verpflichten uns, Ihre pers\u00f6nlichen Daten sorgf\u00e4ltig zu speichern. Wir geben sie nicht an Dritte weiter, um Ihnen weitere Informationen zukommen zu lassen, indem wir die Richtlinien zur Anonymit\u00e4t und zum Datenschutz einhalten.<\/p>\n<p><\/p>\n<ul>\n<li>Die unten aufgef\u00fchrten Personen haben Zugriff auf personenbezogene Daten, da diese verarbeitet oder gespeichert werden m\u00fcssen, n\u00e4mlich:Die Mitarbeiter der Abteilung Marketing und Kommunikation verwenden personenbezogene Daten zum Zwecke der Analyse, Entwicklung und Umsetzung einer Marketingstrategie;<\/li>\n\n<li>Das Personal der Abteilung f\u00fcr ausl\u00e4ndische Patienten bearbeitet Anfragen und liefert alle notwendigen Informationen, indem es von der ersten Behandlung bis zum Erreichen der prognostizierten Behandlungsergebnisse als Personalmanager des Patienten fungiert;<\/li>\n\n<li>Der medizinische Dienst (\u00c4rzte und Assistenten) sammelt eine Geschichte, basierend auf der die Diagnose gestellt und die weitere Behandlungstaktik \/ Diagnose bestimmt wird;<\/li>\n\n<li>Die Mitarbeiter der IT-Abteilung sorgen f\u00fcr die sichere Speicherung personenbezogener Daten in Serversystemen;<\/li>\n\n<li>Auslandsverwalter klagen;<\/li>\n\n<li>Der Finanzdienstleister hat beim Eintreffen von Fremdw\u00e4hrungsmitteln Gr\u00fcnde, Informationen \u00fcber den Patienten, das Behandlungsprogramm und seine Kosten zu verarbeiten.<\/li>\n<\/ul>\n<p><\/p>\n<p>Wir k\u00f6nnen Daten nur dann an Dritte weitergeben, wenn und in der von der Gesetzgebung der Ukraine ausdr\u00fccklich vorgesehenen Weise.<\/p>\n<p><\/p>\n<p>Wir k\u00f6nnen Daten an externe Auftragnehmer weitergeben, die uns zu Marketingzwecken Dienstleistungen erbringen, dies sind jedoch verschl\u00fcsselte Daten, wobei die Patientennummer, ihr NAME oder andere pers\u00f6nliche Informationen ohne Angabe der Patientennummer identifiziert werden. Wir \u00fcberpr\u00fcfen unsere Auftragnehmer auf die Einhaltung der BIPR-Bestimmungen und stellen sicher, dass wir die Speicherung Ihrer Daten durch unsere Partner strikt \u00fcberwachen.<\/p>\t\t\t\t\t\t<\/div>\n\t\t\t\t<\/div>\n\t\t\t\t<div class=\"elementor-element elementor-element-aa065b5 elementor-widget elementor-widget-heading\" data-id=\"aa065b5\" data-element_type=\"widget\" data-widget_type=\"heading.default\">\n\t\t\t\t<div class=\"elementor-widget-container\">\n\t\t\t<h2 class=\"elementor-heading-title elementor-size-default\">VI. Zu welchen anderen Zwecken k\u00f6nnen wir Ihre Daten weitergeben?<\/h2>\t\t<\/div>\n\t\t\t\t<\/div>\n\t\t\t\t<div class=\"elementor-element elementor-element-c04acfa elementor-widget elementor-widget-text-editor\" data-id=\"c04acfa\" data-element_type=\"widget\" data-widget_type=\"text-editor.default\">\n\t\t\t\t<div class=\"elementor-widget-container\">\n\t\t\t\t\t\t\t<p>Wir werden alles tun, um Ihre Daten zu sch\u00fctzen, aber wir sind verpflichtet, sie in folgenden F\u00e4llen weiterzugeben:<\/p>\n<p><\/p>\n<ul>\n<li>wenn dies gesetzlich vorgeschrieben ist (zum Beispiel, um auf eine Anfrage von Strafverfolgungsbeh\u00f6rden und Justizbeh\u00f6rden zu antworten);<\/li>\n\n<li>um unsere Interessen zu sch\u00fctzen und Betrug zu verhindern.<\/li>\n<\/ul>\t\t\t\t\t\t<\/div>\n\t\t\t\t<\/div>\n\t\t\t\t<div class=\"elementor-element elementor-element-e396687 elementor-widget elementor-widget-heading\" data-id=\"e396687\" data-element_type=\"widget\" data-widget_type=\"heading.default\">\n\t\t\t\t<div class=\"elementor-widget-container\">\n\t\t\t<h2 class=\"elementor-heading-title elementor-size-default\">VII. Wie lange speichern wir Ihre Daten?<\/h2>\t\t<\/div>\n\t\t\t\t<\/div>\n\t\t\t\t<div class=\"elementor-element elementor-element-1fab92f elementor-widget elementor-widget-text-editor\" data-id=\"1fab92f\" data-element_type=\"widget\" data-widget_type=\"text-editor.default\">\n\t\t\t\t<div class=\"elementor-widget-container\">\n\t\t\t\t\t\t\t<p>Die gesamte Dokumentation wird gem\u00e4\u00df den Anforderungen der ukrainischen Gesetzgebung aufbewahrt.<\/p>\n<p><\/p>\n<p>Auf Verlangen der ukrainischen Gesetzgebung k\u00f6nnen medizinische Unterlagen, abh\u00e4ngig von den Formen, zwischen 6 Monaten und 25 Jahren aufbewahrt werden.<\/p>\n<p><\/p>\n<p>Die Aufbewahrungsdauer f\u00fcr Finanzdokumente betr\u00e4gt 3 Jahre, aber diese Dokumente werden nicht vor der Pr\u00fcfung des \u00f6ffentlichen Fiskaldienstes archiviert.<\/p>\n<p><\/p>\n<p>In diesem Zusammenhang werden die pers\u00f6nlichen Daten der Patienten f\u00fcr die angegebene Zeit gespeichert. Nach dem Ablauf werden wir die Daten speichern:<\/p>\n<p><\/p>\n<ul>\n<li>bis Sie uns bitten, sie zu entfernen;<\/li>\n\n<li>solange wir vern\u00fcnftige Gr\u00fcnde haben, sie zu behalten, oder das Gesetz verlangt es.<\/li>\n<\/ul>\t\t\t\t\t\t<\/div>\n\t\t\t\t<\/div>\n\t\t\t\t<div class=\"elementor-element elementor-element-c0de5e3 elementor-widget elementor-widget-heading\" data-id=\"c0de5e3\" data-element_type=\"widget\" data-widget_type=\"heading.default\">\n\t\t\t\t<div class=\"elementor-widget-container\">\n\t\t\t<h2 class=\"elementor-heading-title elementor-size-default\">VIII. Ihre Rechte<\/h2>\t\t<\/div>\n\t\t\t\t<\/div>\n\t\t\t\t<div class=\"elementor-element elementor-element-4f1f2c1 elementor-widget elementor-widget-text-editor\" data-id=\"4f1f2c1\" data-element_type=\"widget\" data-widget_type=\"text-editor.default\">\n\t\t\t\t<div class=\"elementor-widget-container\">\n\t\t\t\t\t\t\t<ul>\n<li>Das Recht, informiert zu werden. Die Datenschutzrichtlinie der ISIDA Klinik listet alle personenbezogenen Daten auf, die wir sammeln, wie wir sie speichern und verwenden.<\/li>\n\n<li>Das Recht auf Zugang zu Informationen. Wenn Sie die Informationen, die wir \u00fcber Sie speichern, erhalten m\u00f6chten, k\u00f6nnen Sie diese Bitte an uns wenden und wir werden sie Ihnen zur Verf\u00fcgung stellen.<\/li>\n\n<li>Recht auf Berichtigung der Daten. Wenn die Informationen, die wir \u00fcber Sie speichern, falsch sind oder sich ge\u00e4ndert haben, schreiben Sie uns bitte an <a href=\"mailto:gdpr-info@isida-ivf.com\">gdpr-info@isida-ivf.com<\/a> und wir werden die notwendigen \u00c4nderungen vornehmen.<\/li>\n\n<li>Das Recht, vergessen zu werden. Wir k\u00f6nnen alle Daten, die wir \u00fcber Sie speichern, auf Wunsch l\u00f6schen. Dieses Recht betrifft keine Daten, deren Speicherung durch die Gesetzgebung der Ukraine vorgesehen ist.<\/li>\n\n<li>Das Recht, die Verarbeitung einzuschr\u00e4nken. Sie k\u00f6nnen uns untersagen, Ihre Daten auf bestimmte Weise zu verarbeiten.<\/li>\n\n<li>Das Recht auf Datenmobilit\u00e4t. Sie k\u00f6nnen die bei uns gespeicherten Daten \u00fcber Sie abrufen und in anderen Diensten verwenden.<\/li>\n\n<li>Das Recht, die Einwilligung zu widerrufen. Sie k\u00f6nnen Ihre Einwilligung zur Verarbeitung Ihrer Daten jederzeit widerrufen. Dieses Recht betrifft keine medizinischen Daten, die wir gem\u00e4\u00df der Gesetzgebung der Ukraine aufbewahren m\u00fcssen.<\/li>\n<\/ul>\n<p><\/p>\n<p>Fragen, Anfragen und Anfragen bez\u00fcglich der Erhebung, Verarbeitung und Speicherung personenbezogener Daten k\u00f6nnen Sie an <strong>Lilia Nerouch<\/strong>, die f\u00fcr die personenbezogenen Daten zust\u00e4ndige Person, senden <a href=\"mailto:gdpr-info@isida-ivf.com\">gdpr-info@isida-ivf.com<\/a><\/p>\n<p><\/p>\n<p>Die Anfrage muss Informationen enthalten, die es uns erm\u00f6glichen, Sie zu identifizieren.<\/p>\t\t\t\t\t\t<\/div>\n\t\t\t\t<\/div>\n\t\t\t\t\t<\/div>\n\t\t<\/div>\n\t\t\t\t\t\t\t<\/div>\n\t\t<\/section>\n\t\t\t\t\t\t\t<\/div>\n\t\t","protected":false},"excerpt":{"rendered":"<p>Datenschutz ISIDA-IVF GMBH (ISIDA-Klinik), isida-ivf.com, +38 (044) 455 88 14, info@isida-ivf.com. Diese Datenschutzrichtlinie regelt, wie wir in der ISIDA-Klinik personenbezogene Daten unserer Patienten sammeln, wie wir sie verwenden, speichern und an wen wir sie weitergeben k\u00f6nnen. I. Wie wir Daten sammeln Ihre pers\u00f6nlichen Daten werden bei uns erfasst, wenn Sie: lassen Sie sie in den [&hellip;]<\/p>\n","protected":false},"author":10,"featured_media":0,"parent":0,"menu_order":0,"comment_status":"closed","ping_status":"closed","template":"","meta":{"footnotes":""},"class_list":["post-18090","page","type-page","status-publish","hentry"],"yoast_head":"<!-- This site is optimized with the Yoast SEO plugin v21.3 - https:\/\/yoast.com\/wordpress\/plugins\/seo\/ -->\n<title>Datenschutz &#060; ISIDA International<\/title>\n<meta name=\"robots\" content=\"index, follow, max-snippet:-1, max-image-preview:large, max-video-preview:-1\" \/>\n<meta property=\"og:locale\" content=\"de_DE\" \/>\n<meta property=\"og:type\" content=\"article\" \/>\n<meta property=\"og:title\" content=\"Datenschutz &#060; ISIDA International\" \/>\n<meta property=\"og:description\" content=\"Datenschutz ISIDA-IVF GMBH (ISIDA-Klinik), isida-ivf.com, +38 (044) 455 88 14, info@isida-ivf.com. Diese Datenschutzrichtlinie regelt, wie wir in der ISIDA-Klinik personenbezogene Daten unserer Patienten sammeln, wie wir sie verwenden, speichern und an wen wir sie weitergeben k\u00f6nnen. I. Wie wir Daten sammeln Ihre pers\u00f6nlichen Daten werden bei uns erfasst, wenn Sie: lassen Sie sie in den [&hellip;]\" \/>\n<meta property=\"og:url\" content=\"https:\/\/isida-ivf.com\/de\/privacy-policy\/\" \/>\n<meta property=\"og:site_name\" content=\"ISIDA International\" \/>\n<meta property=\"article:publisher\" content=\"https:\/\/www.facebook.com\/isidaivf\/\" \/>\n<meta property=\"article:modified_time\" content=\"2023-10-02T07:45:33+00:00\" \/>\n<meta name=\"twitter:card\" content=\"summary_large_image\" \/>\n<meta name=\"twitter:label1\" content=\"Gesch\u00e4tzte Lesezeit\" \/>\n\t<meta name=\"twitter:data1\" content=\"5\u00a0Minuten\" \/>\n<script type=\"application\/ld+json\" class=\"yoast-schema-graph\">{\"@context\":\"https:\/\/schema.org\",\"@graph\":[{\"@type\":\"WebPage\",\"@id\":\"https:\/\/isida-ivf.com\/de\/privacy-policy\/\",\"url\":\"https:\/\/isida-ivf.com\/de\/privacy-policy\/\",\"name\":\"Datenschutz &#060; ISIDA International\",\"isPartOf\":{\"@id\":\"https:\/\/isida-ivf.com\/#website\"},\"datePublished\":\"2023-09-29T08:45:28+00:00\",\"dateModified\":\"2023-10-02T07:45:33+00:00\",\"breadcrumb\":{\"@id\":\"https:\/\/isida-ivf.com\/de\/privacy-policy\/#breadcrumb\"},\"inLanguage\":\"de\",\"potentialAction\":[{\"@type\":\"ReadAction\",\"target\":[\"https:\/\/isida-ivf.com\/de\/privacy-policy\/\"]}]},{\"@type\":\"BreadcrumbList\",\"@id\":\"https:\/\/isida-ivf.com\/de\/privacy-policy\/#breadcrumb\",\"itemListElement\":[{\"@type\":\"ListItem\",\"position\":1,\"name\":\"Home\",\"item\":\"https:\/\/isida-ivf.com\/de\/\"},{\"@type\":\"ListItem\",\"position\":2,\"name\":\"Datenschutz\"}]},{\"@type\":\"WebSite\",\"@id\":\"https:\/\/isida-ivf.com\/#website\",\"url\":\"https:\/\/isida-ivf.com\/\",\"name\":\"ISIDA International\",\"description\":\"ISIDA clinic work schedule\",\"publisher\":{\"@id\":\"https:\/\/isida-ivf.com\/#organization\"},\"potentialAction\":[{\"@type\":\"SearchAction\",\"target\":{\"@type\":\"EntryPoint\",\"urlTemplate\":\"https:\/\/isida-ivf.com\/?s={search_term_string}\"},\"query-input\":\"required name=search_term_string\"}],\"inLanguage\":\"de\"},{\"@type\":\"Organization\",\"@id\":\"https:\/\/isida-ivf.com\/#organization\",\"name\":\"ISIDA International\",\"url\":\"https:\/\/isida-ivf.com\/\",\"logo\":{\"@type\":\"ImageObject\",\"inLanguage\":\"de\",\"@id\":\"https:\/\/isida-ivf.com\/#\/schema\/logo\/image\/\",\"url\":\"https:\/\/isida-ivf.com\/wp-content\/uploads\/2022\/03\/logo.svg\",\"contentUrl\":\"https:\/\/isida-ivf.com\/wp-content\/uploads\/2022\/03\/logo.svg\",\"width\":93,\"height\":45,\"caption\":\"ISIDA International\"},\"image\":{\"@id\":\"https:\/\/isida-ivf.com\/#\/schema\/logo\/image\/\"},\"sameAs\":[\"https:\/\/www.facebook.com\/isidaivf\/\",\"https:\/\/www.instagram.com\/isida_ivf\/\",\"https:\/\/www.youtube.com\/channel\/UCIEjGU7re1qO_k3bHgPABeg?view_as=subscriber\"]}]}<\/script>\n<!-- \/ Yoast SEO plugin. -->","yoast_head_json":{"title":"Datenschutz &#060; ISIDA International","robots":{"index":"index","follow":"follow","max-snippet":"max-snippet:-1","max-image-preview":"max-image-preview:large","max-video-preview":"max-video-preview:-1"},"og_locale":"de_DE","og_type":"article","og_title":"Datenschutz &#060; ISIDA International","og_description":"Datenschutz ISIDA-IVF GMBH (ISIDA-Klinik), isida-ivf.com, +38 (044) 455 88 14, info@isida-ivf.com. Diese Datenschutzrichtlinie regelt, wie wir in der ISIDA-Klinik personenbezogene Daten unserer Patienten sammeln, wie wir sie verwenden, speichern und an wen wir sie weitergeben k\u00f6nnen. I. Wie wir Daten sammeln Ihre pers\u00f6nlichen Daten werden bei uns erfasst, wenn Sie: lassen Sie sie in den [&hellip;]","og_url":"https:\/\/isida-ivf.com\/de\/privacy-policy\/","og_site_name":"ISIDA International","article_publisher":"https:\/\/www.facebook.com\/isidaivf\/","article_modified_time":"2023-10-02T07:45:33+00:00","twitter_card":"summary_large_image","twitter_misc":{"Gesch\u00e4tzte Lesezeit":"5\u00a0Minuten"},"schema":{"@context":"https:\/\/schema.org","@graph":[{"@type":"WebPage","@id":"https:\/\/isida-ivf.com\/de\/privacy-policy\/","url":"https:\/\/isida-ivf.com\/de\/privacy-policy\/","name":"Datenschutz &#060; ISIDA International","isPartOf":{"@id":"https:\/\/isida-ivf.com\/#website"},"datePublished":"2023-09-29T08:45:28+00:00","dateModified":"2023-10-02T07:45:33+00:00","breadcrumb":{"@id":"https:\/\/isida-ivf.com\/de\/privacy-policy\/#breadcrumb"},"inLanguage":"de","potentialAction":[{"@type":"ReadAction","target":["https:\/\/isida-ivf.com\/de\/privacy-policy\/"]}]},{"@type":"BreadcrumbList","@id":"https:\/\/isida-ivf.com\/de\/privacy-policy\/#breadcrumb","itemListElement":[{"@type":"ListItem","position":1,"name":"Home","item":"https:\/\/isida-ivf.com\/de\/"},{"@type":"ListItem","position":2,"name":"Datenschutz"}]},{"@type":"WebSite","@id":"https:\/\/isida-ivf.com\/#website","url":"https:\/\/isida-ivf.com\/","name":"ISIDA International","description":"ISIDA clinic work schedule","publisher":{"@id":"https:\/\/isida-ivf.com\/#organization"},"potentialAction":[{"@type":"SearchAction","target":{"@type":"EntryPoint","urlTemplate":"https:\/\/isida-ivf.com\/?s={search_term_string}"},"query-input":"required name=search_term_string"}],"inLanguage":"de"},{"@type":"Organization","@id":"https:\/\/isida-ivf.com\/#organization","name":"ISIDA International","url":"https:\/\/isida-ivf.com\/","logo":{"@type":"ImageObject","inLanguage":"de","@id":"https:\/\/isida-ivf.com\/#\/schema\/logo\/image\/","url":"https:\/\/isida-ivf.com\/wp-content\/uploads\/2022\/03\/logo.svg","contentUrl":"https:\/\/isida-ivf.com\/wp-content\/uploads\/2022\/03\/logo.svg","width":93,"height":45,"caption":"ISIDA International"},"image":{"@id":"https:\/\/isida-ivf.com\/#\/schema\/logo\/image\/"},"sameAs":["https:\/\/www.facebook.com\/isidaivf\/","https:\/\/www.instagram.com\/isida_ivf\/","https:\/\/www.youtube.com\/channel\/UCIEjGU7re1qO_k3bHgPABeg?view_as=subscriber"]}]}},"_links":{"self":[{"href":"https:\/\/isida-ivf.com\/de\/wp-json\/wp\/v2\/pages\/18090","targetHints":{"allow":["GET"]}}],"collection":[{"href":"https:\/\/isida-ivf.com\/de\/wp-json\/wp\/v2\/pages"}],"about":[{"href":"https:\/\/isida-ivf.com\/de\/wp-json\/wp\/v2\/types\/page"}],"author":[{"embeddable":true,"href":"https:\/\/isida-ivf.com\/de\/wp-json\/wp\/v2\/users\/10"}],"replies":[{"embeddable":true,"href":"https:\/\/isida-ivf.com\/de\/wp-json\/wp\/v2\/comments?post=18090"}],"version-history":[{"count":2,"href":"https:\/\/isida-ivf.com\/de\/wp-json\/wp\/v2\/pages\/18090\/revisions"}],"predecessor-version":[{"id":18105,"href":"https:\/\/isida-ivf.com\/de\/wp-json\/wp\/v2\/pages\/18090\/revisions\/18105"}],"wp:attachment":[{"href":"https:\/\/isida-ivf.com\/de\/wp-json\/wp\/v2\/media?parent=18090"}],"curies":[{"name":"wp","href":"https:\/\/api.w.org\/{rel}","templated":true}]}}